{"id":40,"date":"2013-06-20T19:54:49","date_gmt":"2013-06-20T18:54:49","guid":{"rendered":"http:\/\/cerclecondorcet42.blogs.assoligue.org\/?page_id=40"},"modified":"2024-07-16T10:59:46","modified_gmt":"2024-07-16T09:59:46","slug":"education-populaire","status":"publish","type":"page","link":"https:\/\/cerclecondorcet42.blogs.assoligue.org\/?page_id=40","title":{"rendered":"Education populaire"},"content":{"rendered":"<div class=\"entry-content clearfix\">\n<h3>Qu\u2019est-ce qu\u2019une association d\u2019\u00e9ducation populaire ?<\/h3>\n<p>C\u2019est une association, ouverte \u00e0 tous, qui situe son action dans une double perspective de transformation sociale et d\u2019\u00e9mancipation individuelle et collective.<\/p>\n<p>Elle traduit la volont\u00e9 de s\u2019ins\u00e9rer dans un projet d\u2019\u00e9ducation populaire pour la formation initiale et permanente du citoyen, la recherche d\u2019une plus grande justice sociale et l\u2019\u00e9galit\u00e9 des chances, en favorisant :<\/p>\n<p>&#8211;\u00a0 l\u2019acc\u00e8s au plus grand nombre \u00e0 la culture et<br \/>\n\u00e0 la connaissance<br \/>\n&#8211;\u00a0 l\u2019exercice plein de la citoyennet\u00e9<br \/>\n&#8211;\u00a0 le d\u00e9veloppement de l\u2019esprit critique<br \/>\n&#8211;\u00a0 l\u2019approche ouverte vers les autres.<br \/>\n&#8211;\u00a0 une d\u00e9marche d\u2019initiative, de cr\u00e9ation et d\u2019exp\u00e9rimentation.<\/p>\n<p>Elle vise \u00e0 rechercher et \u00e0 favoriser le d\u00e9veloppement de projets innovants adapt\u00e9s aux sp\u00e9cificit\u00e9s de son territoire o\u00f9 l\u2019activit\u00e9 n\u2019est pas pens\u00e9e comme une fin en soi, mais bien comme un acte \u00e9ducatif \u00e0 part enti\u00e8re au service de cette d\u00e9marche d\u2019\u00e9ducation populaire pour former des citoyens acteurs de leur vie et de leur avenir.<br \/>\nEn effet, pour le participant, il ne s\u2019agit pas uniquement\u00a0 de pratiquer une activit\u00e9, mais bien de faire de cette pratique un \u00e9l\u00e9ment de son propre d\u00e9veloppement, en se confrontant aux autres\u2026 l\u2019activit\u00e9 est pens\u00e9e dans la perspective de donner \u00e0 chacun le pouvoir de prendre sa place de citoyen dans la soci\u00e9t\u00e9, d\u2019\u00eatre capable d\u2019exercer son esprit critique, de faire des choix et de prendre part aux d\u00e9bats de \u00ab la cit\u00e9 \u00bb.<\/p>\n<h3>Une association d\u2019\u00e9ducation populaire porte des valeurs de r\u00e9f\u00e9rence<strong> :<\/strong><\/h3>\n<p>\u2022 la <strong>La\u00efcit\u00e9<\/strong> comme principe fondateur de notre soci\u00e9t\u00e9 r\u00e9publicaine et comme conception des rapports des citoyens entre eux pour le \u00ab vivre ensemble \u00bb, porteur de libert\u00e9, d\u2019universalit\u00e9, de fraternit\u00e9 et de paix. Une la\u00efcit\u00e9 permettant le dialogue, l\u2019\u00e9change et la rencontre.<br \/>\n\u2022 le <strong>Respect<\/strong> de chacun dans son individualit\u00e9 et la volont\u00e9 de tous de s\u2019inscrire dans un projet collectif.<br \/>\n&#8211; la <strong>volont\u00e9 de vivre ens<\/strong><strong>emble<\/strong> et de s\u2019enrichir des diff\u00e9rences de chacun,\u00a0 dans le respect des convictions individuelles et dans l\u2019ind\u00e9pendance \u00e0 l\u2019\u00e9gard des options politiques et philosophiques (ceci n\u2019excluant ni les d\u00e9bats, ni la diversit\u00e9 des points de vue\u2026<br \/>\n&#8211; le<strong> refus de tout pros\u00e9lytism<\/strong>e (de quelque nature que ce soit) et l\u2019expression d\u2019opinions contraire aux droits et \u00e0 la dignit\u00e9 de l\u2019homme.<\/p>\n<p>\u2022 la <strong>Citoyennet\u00e9<\/strong> par la responsabilisation individuelle et collective, la participation active \u00e0 la vie d\u00e9mocratique.<br \/>\n\u2022 l\u2019<strong>Egalit\u00e9<\/strong> de tous les membres sur le principe de gouvernance d\u2019un homme = une voix.<br \/>\n<strong>\u2022 <\/strong>la <strong>Solidarit\u00e9<\/strong> (partager, s\u2019entraider), l\u2019<strong>Amiti\u00e9<\/strong>, la <strong>Fraternit\u00e9<\/strong><\/p>\n<\/div>\n","protected":false},"excerpt":{"rendered":"<p>Qu\u2019est-ce qu\u2019une association d\u2019\u00e9ducation populaire ? C\u2019est une association, ouverte \u00e0 tous, qui situe son action dans une double perspective de transformation sociale et d\u2019\u00e9mancipation individuelle et collective. Elle traduit la volont\u00e9 de s\u2019ins\u00e9rer dans un projet d\u2019\u00e9ducation populaire pour la formation initiale et permanente du citoyen, la recherche d\u2019une plus grande justice sociale et [&hellip;]<\/p>\n","protected":false},"author":6,"featured_media":0,"parent":0,"menu_order":0,"comment_status":"closed","ping_status":"closed","template":"","meta":{"footnotes":""},"class_list":["post-40","page","type-page","status-publish","hentry"],"_links":{"self":[{"href":"https:\/\/cerclecondorcet42.blogs.assoligue.org\/index.php?rest_route=\/wp\/v2\/pages\/40","targetHints":{"allow":["GET"]}}],"collection":[{"href":"https:\/\/cerclecondorcet42.blogs.assoligue.org\/index.php?rest_route=\/wp\/v2\/pages"}],"about":[{"href":"https:\/\/cerclecondorcet42.blogs.assoligue.org\/index.php?rest_route=\/wp\/v2\/types\/page"}],"author":[{"embeddable":true,"href":"https:\/\/cerclecondorcet42.blogs.assoligue.org\/index.php?rest_route=\/wp\/v2\/users\/6"}],"replies":[{"embeddable":true,"href":"https:\/\/cerclecondorcet42.blogs.assoligue.org\/index.php?rest_route=%2Fwp%2Fv2%2Fcomments&post=40"}],"version-history":[{"count":3,"href":"https:\/\/cerclecondorcet42.blogs.assoligue.org\/index.php?rest_route=\/wp\/v2\/pages\/40\/revisions"}],"predecessor-version":[{"id":1509,"href":"https:\/\/cerclecondorcet42.blogs.assoligue.org\/index.php?rest_route=\/wp\/v2\/pages\/40\/revisions\/1509"}],"wp:attachment":[{"href":"https:\/\/cerclecondorcet42.blogs.assoligue.org\/index.php?rest_route=%2Fwp%2Fv2%2Fmedia&parent=40"}],"curies":[{"name":"wp","href":"https:\/\/api.w.org\/{rel}","templated":true}]}}