{"id":24,"date":"2013-06-20T18:44:39","date_gmt":"2013-06-20T17:44:39","guid":{"rendered":"http:\/\/cerclecondorcet42.blogs.assoligue.org\/?page_id=24"},"modified":"2025-09-13T16:20:18","modified_gmt":"2025-09-13T15:20:18","slug":"adhesion","status":"publish","type":"page","link":"https:\/\/cerclecondorcet42.blogs.assoligue.org\/?page_id=24","title":{"rendered":"Rejoignez nous"},"content":{"rendered":"<p><!-- [if gte mso 9]&gt;--><\/p>\n<p class=\"MsoNormal\">\u00a0\u00a0\u00a0\u00a0\u00a0\u00a0\u00a0 Favoriser le d\u00e9bat d&rsquo;id\u00e9es, \u00e9changer, confronter dans le respect de l&rsquo;autre afin de permettre \u00e0 chacun de mieux comprendre, de bien mesurer les enjeux de la Soci\u00e9t\u00e9, ceci dans un pluralisme affirm\u00e9, source de diversit\u00e9 et de vie, telle est la raison d&rsquo;\u00eatre fondamentale du Cercle Condorcet de Roanne.<\/p>\n<p class=\"MsoNormal\">\u00a0\u00a0\u00a0\u00a0 Mieux agir pour une transformation sociale, vers plus de justice et plus de fraternit\u00e9, par une citoyennet\u00e9 active.<\/p>\n<p class=\"MsoNormal\">\u00a0\u00a0\u00a0\u00a0\u00a0 Nous avons besoin de tous. Venez prendre part \u00e0 cette volont\u00e9 humaniste.<\/p>\n<p class=\"MsoNormal\">\u00a0\u00a0\u00a0\u00a0\u00a0 Nous en serons plus riches!<a href=\"http:\/\/cerclecondorcet42.blogs.assoligue.org\/wp-content\/uploads\/sites\/6\/2024\/02\/bulletin-adhesion-2024.jpg\"><img loading=\"lazy\" decoding=\"async\" class=\"wp-image-1663 alignright\" src=\"http:\/\/cerclecondorcet42.blogs.assoligue.org\/wp-content\/uploads\/sites\/6\/2024\/02\/bulletin-adhesion-2024-723x1024.jpg\" alt=\"\" width=\"255\" height=\"361\" srcset=\"https:\/\/cerclecondorcet42.blogs.assoligue.org\/wp-content\/uploads\/sites\/6\/2024\/02\/bulletin-adhesion-2024-723x1024.jpg 723w, https:\/\/cerclecondorcet42.blogs.assoligue.org\/wp-content\/uploads\/sites\/6\/2024\/02\/bulletin-adhesion-2024-212x300.jpg 212w, https:\/\/cerclecondorcet42.blogs.assoligue.org\/wp-content\/uploads\/sites\/6\/2024\/02\/bulletin-adhesion-2024-768x1088.jpg 768w, https:\/\/cerclecondorcet42.blogs.assoligue.org\/wp-content\/uploads\/sites\/6\/2024\/02\/bulletin-adhesion-2024.jpg 792w\" sizes=\"auto, (max-width: 255px) 100vw, 255px\" \/><\/a><\/p>\n<p><em><span style=\"color: #ff0000;\"><strong>Un bulletin d&rsquo;inscription est mis \u00e0 votre disposition, vous pouvez facilement,<\/strong><\/span><\/em><\/p>\n<p><em><span style=\"color: #ff0000;\"><strong> en cliquant sur l&rsquo;image ci-contre, le t\u00e9l\u00e9charger\u00a0\u00a0\u00a0\u00a0\u00a0\u00a0 \u2192<br \/>\n<\/strong><\/span><\/em><\/p>\n<p>&nbsp;<\/p>\n<p>&nbsp;<\/p>\n<p><a href=\"https:\/\/www.facebook.com\/cerclecondorcetderoanne\/\" target=\"_blank\" rel=\"noopener\"><img loading=\"lazy\" decoding=\"async\" class=\"size-full wp-image-1673 aligncenter\" src=\"http:\/\/cerclecondorcet42.blogs.assoligue.org\/wp-content\/uploads\/sites\/6\/2024\/02\/Sans-titre.png\" alt=\"\" width=\"397\" height=\"127\" srcset=\"https:\/\/cerclecondorcet42.blogs.assoligue.org\/wp-content\/uploads\/sites\/6\/2024\/02\/Sans-titre.png 397w, https:\/\/cerclecondorcet42.blogs.assoligue.org\/wp-content\/uploads\/sites\/6\/2024\/02\/Sans-titre-300x96.png 300w\" sizes=\"auto, (max-width: 397px) 100vw, 397px\" \/><\/a><\/p>\n","protected":false},"excerpt":{"rendered":"<p>\u00a0\u00a0\u00a0\u00a0\u00a0\u00a0\u00a0 Favoriser le d\u00e9bat d&rsquo;id\u00e9es, \u00e9changer, confronter dans le respect de l&rsquo;autre afin de permettre \u00e0 chacun de mieux comprendre, de bien mesurer les enjeux de la Soci\u00e9t\u00e9, ceci dans un pluralisme affirm\u00e9, source de diversit\u00e9 et de vie, telle est la raison d&rsquo;\u00eatre fondamentale du Cercle Condorcet de Roanne. \u00a0\u00a0\u00a0\u00a0 Mieux agir pour une [&hellip;]<\/p>\n","protected":false},"author":6,"featured_media":0,"parent":7,"menu_order":0,"comment_status":"open","ping_status":"open","template":"","meta":{"footnotes":""},"class_list":["post-24","page","type-page","status-publish","hentry"],"_links":{"self":[{"href":"https:\/\/cerclecondorcet42.blogs.assoligue.org\/index.php?rest_route=\/wp\/v2\/pages\/24","targetHints":{"allow":["GET"]}}],"collection":[{"href":"https:\/\/cerclecondorcet42.blogs.assoligue.org\/index.php?rest_route=\/wp\/v2\/pages"}],"about":[{"href":"https:\/\/cerclecondorcet42.blogs.assoligue.org\/index.php?rest_route=\/wp\/v2\/types\/page"}],"author":[{"embeddable":true,"href":"https:\/\/cerclecondorcet42.blogs.assoligue.org\/index.php?rest_route=\/wp\/v2\/users\/6"}],"replies":[{"embeddable":true,"href":"https:\/\/cerclecondorcet42.blogs.assoligue.org\/index.php?rest_route=%2Fwp%2Fv2%2Fcomments&post=24"}],"version-history":[{"count":26,"href":"https:\/\/cerclecondorcet42.blogs.assoligue.org\/index.php?rest_route=\/wp\/v2\/pages\/24\/revisions"}],"predecessor-version":[{"id":1676,"href":"https:\/\/cerclecondorcet42.blogs.assoligue.org\/index.php?rest_route=\/wp\/v2\/pages\/24\/revisions\/1676"}],"up":[{"embeddable":true,"href":"https:\/\/cerclecondorcet42.blogs.assoligue.org\/index.php?rest_route=\/wp\/v2\/pages\/7"}],"wp:attachment":[{"href":"https:\/\/cerclecondorcet42.blogs.assoligue.org\/index.php?rest_route=%2Fwp%2Fv2%2Fmedia&parent=24"}],"curies":[{"name":"wp","href":"https:\/\/api.w.org\/{rel}","templated":true}]}}