{"id":13,"date":"2013-06-12T16:20:30","date_gmt":"2013-06-12T15:20:30","guid":{"rendered":"http:\/\/cerclecondorcet42.blogs.assoligue.org\/?page_id=13"},"modified":"2024-02-20T23:09:34","modified_gmt":"2024-02-20T22:09:34","slug":"nous-contacter","status":"publish","type":"page","link":"https:\/\/cerclecondorcet42.blogs.assoligue.org\/?page_id=13","title":{"rendered":"Contact"},"content":{"rendered":"<p><strong>Vous souhaitez &#8230;.<br \/>\nen savoir plus sur nos activit\u00e9s?<br \/>\nNous rejoindre en devenant adh\u00e9rent?<br \/>\nNous soumettre des id\u00e9es de th\u00e8mes pour de futures conf\u00e9rences d\u00e9bats?<br \/>\n&#8230; nous rencontrer?<\/strong><\/p>\n<p>N\u2019h\u00e9sitez pas !<a href=\"http:\/\/cerclecondorcet42.blogs.assoligue.org\/wp-content\/uploads\/sites\/6\/2022\/09\/logo-cercle-condorcet-2021-2.jpg\"><img loading=\"lazy\" decoding=\"async\" class=\" wp-image-1522 alignright\" src=\"http:\/\/cerclecondorcet42.blogs.assoligue.org\/wp-content\/uploads\/sites\/6\/2022\/09\/logo-cercle-condorcet-2021-2.jpg\" alt=\"\" width=\"274\" height=\"291\" \/><\/a><\/p>\n<h5><span style=\"color: #ff9900;\"><strong>Cercle Condorcet Roanne<\/strong><\/span><br \/>\nLigue de l&rsquo;enseignement 42<br \/>\n19 rue Pierre S\u00e9mard<br \/>\n42300 Roanne<br \/>\n<strong>Mail: <\/strong><span style=\"color: #0000ff;\">cerclecondorcet.roanne42@gmail.com<\/span><\/h5>\n<p><a href=\"https:\/\/www.facebook.com\/cerclecondorcetderoanne\/\" target=\"_blank\" rel=\"noopener\"><img loading=\"lazy\" decoding=\"async\" class=\"alignnone wp-image-1673\" src=\"http:\/\/cerclecondorcet42.blogs.assoligue.org\/wp-content\/uploads\/sites\/6\/2024\/02\/Sans-titre.png\" alt=\"\" width=\"259\" height=\"83\" srcset=\"https:\/\/cerclecondorcet42.blogs.assoligue.org\/wp-content\/uploads\/sites\/6\/2024\/02\/Sans-titre.png 397w, https:\/\/cerclecondorcet42.blogs.assoligue.org\/wp-content\/uploads\/sites\/6\/2024\/02\/Sans-titre-300x96.png 300w\" sizes=\"auto, (max-width: 259px) 100vw, 259px\" \/><\/a><\/p>\n<p>&nbsp;<\/p>\n","protected":false},"excerpt":{"rendered":"<p>Vous souhaitez &#8230;. en savoir plus sur nos activit\u00e9s? Nous rejoindre en devenant adh\u00e9rent? Nous soumettre des id\u00e9es de th\u00e8mes pour de futures conf\u00e9rences d\u00e9bats? &#8230; nous rencontrer? N\u2019h\u00e9sitez pas ! Cercle Condorcet Roanne Ligue de l&rsquo;enseignement 42 19 rue Pierre S\u00e9mard 42300 Roanne Mail: cerclecondorcet.roanne42@gmail.com &nbsp;<\/p>\n","protected":false},"author":1,"featured_media":0,"parent":0,"menu_order":0,"comment_status":"open","ping_status":"open","template":"","meta":{"footnotes":""},"class_list":["post-13","page","type-page","status-publish","hentry"],"_links":{"self":[{"href":"https:\/\/cerclecondorcet42.blogs.assoligue.org\/index.php?rest_route=\/wp\/v2\/pages\/13","targetHints":{"allow":["GET"]}}],"collection":[{"href":"https:\/\/cerclecondorcet42.blogs.assoligue.org\/index.php?rest_route=\/wp\/v2\/pages"}],"about":[{"href":"https:\/\/cerclecondorcet42.blogs.assoligue.org\/index.php?rest_route=\/wp\/v2\/types\/page"}],"author":[{"embeddable":true,"href":"https:\/\/cerclecondorcet42.blogs.assoligue.org\/index.php?rest_route=\/wp\/v2\/users\/1"}],"replies":[{"embeddable":true,"href":"https:\/\/cerclecondorcet42.blogs.assoligue.org\/index.php?rest_route=%2Fwp%2Fv2%2Fcomments&post=13"}],"version-history":[{"count":29,"href":"https:\/\/cerclecondorcet42.blogs.assoligue.org\/index.php?rest_route=\/wp\/v2\/pages\/13\/revisions"}],"predecessor-version":[{"id":1688,"href":"https:\/\/cerclecondorcet42.blogs.assoligue.org\/index.php?rest_route=\/wp\/v2\/pages\/13\/revisions\/1688"}],"wp:attachment":[{"href":"https:\/\/cerclecondorcet42.blogs.assoligue.org\/index.php?rest_route=%2Fwp%2Fv2%2Fmedia&parent=13"}],"curies":[{"name":"wp","href":"https:\/\/api.w.org\/{rel}","templated":true}]}}